{"id":35670,"date":"2016-11-20T22:19:28","date_gmt":"2016-11-20T22:19:28","guid":{"rendered":"http:\/\/localhost:8888\/40\/?page_id=35670"},"modified":"2025-10-28T13:50:33","modified_gmt":"2025-10-28T13:50:33","slug":"a-40","status":"publish","type":"page","link":"http:\/\/www.40grausmodels.com\/40\/a-40\/","title":{"rendered":"A 40"},"content":{"rendered":"<p>[vc_row][vc_column width=&#8221;2\/3&#8243;]<div class=\"dt-fancy-separator title-left h2-size accent-title-color\" style=\"width: 100%;\"><div class=\"dt-fancy-title\"><span class=\"separator-holder separator-left\"><\/span>A 40 Graus<span class=\"separator-holder separator-right\"><\/span><\/div><\/div>[vc_empty_space]<section class=\"shortcode-teaser img-full\"><div class=\"shortcode-teaser-content text-big\"><h3 data-start=\"145\" data-end=\"210\">A hist\u00f3ria e o legado de S\u00e9rgio Mattos e da 40 Graus Models<\/h3>\n<p data-start=\"212\" data-end=\"579\">Fundada em 2004, a 40 Graus Models rapidamente se consolidou como uma das principais ag\u00eancias de modelos do Brasil. Com um elenco de mais de duzentos talentos, a ag\u00eancia revelou e impulsionou carreiras de grandes nomes da moda, como Nayara Oliver, Anne de Paula, Mahany, Paula La Croix, Thalita Gomes, Gabriel Sihnel, Jullio Reis, Brayan Lucas, entre muitos outros.<\/p>\n<p data-start=\"581\" data-end=\"847\">O reconhecimento internacional veio cedo. Em 2005, a conceituada revista americana <strong data-start=\"664\" data-end=\"678\">V Magazine<\/strong> destacou a 40 Graus Models como uma das principais ag\u00eancias de modelos do cen\u00e1rio mundial. Esse marco refletia a vis\u00e3o e o empenho de seu fundador, <strong data-start=\"827\" data-end=\"844\">S\u00e9rgio Mattos<\/strong>.<\/p>\n<p data-start=\"849\" data-end=\"1389\">Com seu olhar cl\u00ednico e uma sensibilidade rara, S\u00e9rgio foi muito mais do que um empres\u00e1rio. Atuou como scouter, booker, diretor internacional, mentor e descobridor de talentos, sempre presente em cada etapa do crescimento da ag\u00eancia. Ao longo de mais de tr\u00eas d\u00e9cadas de carreira, percorreu o Brasil de ponta a ponta em busca de novos rostos, revelando nomes que se tornaram \u00edcones da moda e da televis\u00e3o, como Ana Beatriz Barros, Raica Oliveira, Isabeli Fontana, Daniella Sarahyba, Cau\u00e3 Reymond, Marcio Garcia, Paulo Zulu e muitos outros.<\/p>\n<p data-start=\"1391\" data-end=\"1797\">Carinhosamente chamado de Serginho no universo fashion, ele construiu uma trajet\u00f3ria marcada pela generosidade, pela paix\u00e3o e por um compromisso inabal\u00e1vel com a arte e a beleza. Sob sua lideran\u00e7a, equipe da 40 Graus Models \u00e9 formada por profissionais com mais de uma d\u00e9cada de experi\u00eancia na ag\u00eancia. <strong data-start=\"243\" data-end=\"264\">Christine Ribeiro<\/strong> atua como booker de Moda e <strong data-start=\"292\" data-end=\"305\">Nill Gray<\/strong> \u00e9 respons\u00e1vel pelo Comercial (ambos h\u00e1 30 anos ao lado de S\u00e9rgio Mattos), atendendo clientes nacionais e internacionais. No setor internacional, <strong data-start=\"407\" data-end=\"425\">Simone Ribeiro<\/strong> conecta os modelos da ag\u00eancia ao mercado global e ag\u00eancias parceiras. <strong data-start=\"787\" data-end=\"802\">Ivan Moroni<\/strong> \u00e9 o respons\u00e1vel pela <strong data-start=\"824\" data-end=\"838\">40 Graus Kids<\/strong>, voltado \u00e0 descoberta e desenvolvimento de novos talentos infantis. Na cria\u00e7\u00e3o e comunica\u00e7\u00e3o, <strong data-start=\"501\" data-end=\"523\">Julliana Rodrigues<\/strong> assina todo o material gr\u00e1fico e digital, fortalecendo a identidade visual da 40 Graus. <strong data-start=\"612\" data-end=\"628\">Fernanda Mac<\/strong> cuida dos <strong data-start=\"639\" data-end=\"652\">New Faces<\/strong>, acompanhando os novos talentos em seus primeiros passos na moda, enquanto <strong data-start=\"728\" data-end=\"741\">Ale Mello<\/strong> administra as \u00e1reas <strong data-start=\"762\" data-end=\"793\">financeira e administrativa<\/strong>, garantindo a estrutura e estabilidade da ag\u00eancia.<\/p>\n<p data-start=\"1799\" data-end=\"2203\">Vision\u00e1rio, S\u00e9rgio ampliou a atua\u00e7\u00e3o da ag\u00eancia com a cria\u00e7\u00e3o da <strong data-start=\"1864\" data-end=\"1889\">40 Graus Models &amp; Art<\/strong>, voltada tamb\u00e9m para o agenciamento e forma\u00e7\u00e3o de atores. Foi respons\u00e1vel por impulsionar as carreiras de nomes como Cau\u00e3 Reymond, R\u00f4mulo Arantes Neto, Mariana Rios, Juliana Paiva, Agatha Moreira, Danilo Ferreira e Pablo Moraes, reafirmando sua capacidade de enxergar o talento em m\u00faltiplas formas de express\u00e3o.<\/p>\n<p data-start=\"2205\" data-end=\"2487\">Apaixonado pela cultura e pela poesia, Serginho criou o projeto <strong data-start=\"2269\" data-end=\"2293\">Era uma vez um Poeta<\/strong>, que se tornou uma tradi\u00e7\u00e3o na ag\u00eancia. Reunindo semanalmente modelos e atores para declama\u00e7\u00f5es, o evento simbolizava sua cren\u00e7a no poder da arte como ferramenta de transforma\u00e7\u00e3o e express\u00e3o.<\/p>\n<p data-start=\"2489\" data-end=\"2717\">Em seus \u00faltimos anos, realizou um sonho antigo ao abrir uma filial da 40 Graus em sua terra natal, a Bahia. L\u00e1, iniciou um novo ciclo de descobertas e oportunidades para jovens talentos que buscavam uma carreira internacional.<\/p>\n<p data-start=\"2719\" data-end=\"3176\">O falecimento de S\u00e9rgio Mattos deixa uma lacuna imensa no mundo da moda e das artes. No entanto, seu legado permanece vivo em cada rosto que ele revelou, em cada hist\u00f3ria que ajudou a escrever e em cada talento em que acreditou antes de todos os outros. Sua vis\u00e3o, sua generosidade e seu amor pelo que fazia continuam a inspirar as novas gera\u00e7\u00f5es e fazem da 40 Graus Models muito mais do que uma ag\u00eancia. Ela \u00e9 hoje um s\u00edmbolo de sonho, arte e humanidade.<\/p>\n<\/div><\/section>[\/vc_column][vc_column width=&#8221;1\/3&#8243;]<div class=\"wf-container loading-effect-fade-in iso-container bg-under-post description-under-image content-align-centre\" data-padding=\"20px\" data-cur-page=\"1\" data-width=\"370px\" data-columns=\"2\"><div class=\"wf-cell iso-item\" data-post-id=\"35760\" data-date=\"2013-08-05T12:59:25+00:00\" data-name=\"Sergio Mattos\">\n\t<div class=\"team-container post-35760 dt_team type-dt_team status-publish has-post-thumbnail hentry dt_team_category-diretor dt_team_category-170 bg-on description-off\">\n\n\t\t<div class=\"team-media\"><a href=\"http:\/\/www.40grausmodels.com\/40\/staff\/sergio-mattos\/\" class=\"rollover layzr-bg\"><img loading=\"lazy\" decoding=\"async\" class=\"preload-me iso-lazy-load\" src=\"data:image\/svg+xml,%3Csvg%20xmlns%3D&#39;http%3A%2F%2Fwww.w3.org%2F2000%2Fsvg&#39;%20viewBox%3D&#39;0%200%20555%20312&#39;%2F%3E\" data-src=\"http:\/\/www.40grausmodels.com\/40\/wp-content\/uploads\/2013\/08\/sergio_mat-555x312.jpg\" data-srcset=\"http:\/\/www.40grausmodels.com\/40\/wp-content\/uploads\/2013\/08\/sergio_mat-555x312.jpg 555w, http:\/\/www.40grausmodels.com\/40\/wp-content\/uploads\/2013\/08\/sergio_mat.jpg 731w\" width=\"555\" height=\"312\"  title=\"sergio_mat\" alt=\"\" \/><\/a><\/div>\n\t\t<div class=\"team-desc\">\n\n\t\t\t<div class=\"team-author\"><div class=\"team-author-name\"><a href=\" http:\/\/www.40grausmodels.com\/40\/staff\/sergio-mattos\/ \">Sergio Mattos<\/a><\/div><p>diretor<\/p><\/div><div class=\"soc-ico\"><a title=\"Facebook\" href=\"https:\/\/www.facebook.com\/40-graus-models-158722434156574\/?fref=ts\" target=\"_blank\" class=\"facebook\"><span class=\"soc-font-icon\"><\/span><span class=\"screen-reader-text\">Facebook<\/span><\/a><a title=\"Twitter\" href=\"https:\/\/twitter.com\/sergiomattos40\" target=\"_blank\" class=\"twitter\"><span class=\"soc-font-icon\"><\/span><span class=\"screen-reader-text\">Twitter<\/span><\/a><a title=\"Instagram\" href=\"https:\/\/instagram.com\/sergiomattos40\" target=\"_blank\" class=\"instagram\"><span class=\"soc-font-icon\"><\/span><span class=\"screen-reader-text\">Instagram<\/span><\/a><\/div>\n\t\t<\/div>\n\t<\/div><\/div><\/div>[\/vc_column][\/vc_row]<\/p>\n","protected":false},"excerpt":{"rendered":"<p>[vc_row][vc_column width=&#8221;2\/3&#8243;][vc_empty_space][\/vc_column][vc_column width=&#8221;1\/3&#8243;][\/vc_column][\/vc_row]<\/p>\n","protected":false},"author":1,"featured_media":0,"parent":0,"menu_order":0,"comment_status":"closed","ping_status":"closed","template":"","meta":{"_exactmetrics_skip_tracking":false,"_exactmetrics_sitenote_active":false,"_exactmetrics_sitenote_note":"","_exactmetrics_sitenote_category":0,"jetpack_post_was_ever_published":false},"class_list":["post-35670","page","type-page","status-publish","hentry","description-off"],"yoast_head":"<!-- This site is optimized with the Yoast SEO plugin v24.8.1 - https:\/\/yoast.com\/wordpress\/plugins\/seo\/ -->\n<title>A 40 - 40 Graus Models<\/title>\n<meta name=\"robots\" content=\"index, follow, max-snippet:-1, max-image-preview:large, max-video-preview:-1\" \/>\n<link rel=\"canonical\" href=\"http:\/\/www.40grausmodels.com\/40\/a-40\/\" \/>\n<meta property=\"og:locale\" content=\"pt_BR\" \/>\n<meta property=\"og:type\" content=\"article\" \/>\n<meta property=\"og:title\" content=\"A 40 - 40 Graus Models\" \/>\n<meta property=\"og:description\" content=\"[vc_row][vc_column width=&#8221;2\/3&#8243;][vc_empty_space][\/vc_column][vc_column width=&#8221;1\/3&#8243;][\/vc_column][\/vc_row]\" \/>\n<meta property=\"og:url\" content=\"http:\/\/www.40grausmodels.com\/40\/a-40\/\" \/>\n<meta property=\"og:site_name\" content=\"40 Graus Models\" \/>\n<meta property=\"article:publisher\" content=\"https:\/\/www.facebook.com\/40grausmodels\/\" \/>\n<meta property=\"article:modified_time\" content=\"2025-10-28T13:50:33+00:00\" \/>\n<meta name=\"twitter:card\" content=\"summary_large_image\" \/>\n<meta name=\"twitter:site\" content=\"@40grausmodels_\" \/>\n<meta name=\"twitter:label1\" content=\"Est. tempo de leitura\" \/>\n\t<meta name=\"twitter:data1\" content=\"4 minutos\" \/>\n<script type=\"application\/ld+json\" class=\"yoast-schema-graph\">{\"@context\":\"https:\/\/schema.org\",\"@graph\":[{\"@type\":\"WebPage\",\"@id\":\"http:\/\/www.40grausmodels.com\/40\/a-40\/\",\"url\":\"http:\/\/www.40grausmodels.com\/40\/a-40\/\",\"name\":\"A 40 - 40 Graus Models\",\"isPartOf\":{\"@id\":\"http:\/\/www.40grausmodels.com\/40\/#website\"},\"datePublished\":\"2016-11-20T22:19:28+00:00\",\"dateModified\":\"2025-10-28T13:50:33+00:00\",\"breadcrumb\":{\"@id\":\"http:\/\/www.40grausmodels.com\/40\/a-40\/#breadcrumb\"},\"inLanguage\":\"pt-BR\",\"potentialAction\":[{\"@type\":\"ReadAction\",\"target\":[\"http:\/\/www.40grausmodels.com\/40\/a-40\/\"]}]},{\"@type\":\"BreadcrumbList\",\"@id\":\"http:\/\/www.40grausmodels.com\/40\/a-40\/#breadcrumb\",\"itemListElement\":[{\"@type\":\"ListItem\",\"position\":1,\"name\":\"In\u00edcio\",\"item\":\"http:\/\/www.40grausmodels.com\/40\/\"},{\"@type\":\"ListItem\",\"position\":2,\"name\":\"A 40\"}]},{\"@type\":\"WebSite\",\"@id\":\"http:\/\/www.40grausmodels.com\/40\/#website\",\"url\":\"http:\/\/www.40grausmodels.com\/40\/\",\"name\":\"40 Graus Models\",\"description\":\"Ag\u00eancia de modelos e atores\",\"publisher\":{\"@id\":\"http:\/\/www.40grausmodels.com\/40\/#organization\"},\"potentialAction\":[{\"@type\":\"SearchAction\",\"target\":{\"@type\":\"EntryPoint\",\"urlTemplate\":\"http:\/\/www.40grausmodels.com\/40\/?s={search_term_string}\"},\"query-input\":{\"@type\":\"PropertyValueSpecification\",\"valueRequired\":true,\"valueName\":\"search_term_string\"}}],\"inLanguage\":\"pt-BR\"},{\"@type\":\"Organization\",\"@id\":\"http:\/\/www.40grausmodels.com\/40\/#organization\",\"name\":\"40 Graus Models\",\"url\":\"http:\/\/www.40grausmodels.com\/40\/\",\"logo\":{\"@type\":\"ImageObject\",\"inLanguage\":\"pt-BR\",\"@id\":\"http:\/\/www.40grausmodels.com\/40\/#\/schema\/logo\/image\/\",\"url\":\"http:\/\/www.40grausmodels.com\/40\/wp-content\/uploads\/2024\/03\/cropped-logo4.jpg\",\"contentUrl\":\"http:\/\/www.40grausmodels.com\/40\/wp-content\/uploads\/2024\/03\/cropped-logo4.jpg\",\"width\":512,\"height\":512,\"caption\":\"40 Graus Models\"},\"image\":{\"@id\":\"http:\/\/www.40grausmodels.com\/40\/#\/schema\/logo\/image\/\"},\"sameAs\":[\"https:\/\/www.facebook.com\/40grausmodels\/\",\"https:\/\/x.com\/40grausmodels_\",\"https:\/\/www.instagram.com\/40grausmodels\/\",\"https:\/\/www.youtube.com\/channel\/UClOXk3rcpMLHO6F7EuQD_gg\"]}]}<\/script>\n<!-- \/ Yoast SEO plugin. -->","yoast_head_json":{"title":"A 40 - 40 Graus Models","robots":{"index":"index","follow":"follow","max-snippet":"max-snippet:-1","max-image-preview":"max-image-preview:large","max-video-preview":"max-video-preview:-1"},"canonical":"http:\/\/www.40grausmodels.com\/40\/a-40\/","og_locale":"pt_BR","og_type":"article","og_title":"A 40 - 40 Graus Models","og_description":"[vc_row][vc_column width=&#8221;2\/3&#8243;][vc_empty_space][\/vc_column][vc_column width=&#8221;1\/3&#8243;][\/vc_column][\/vc_row]","og_url":"http:\/\/www.40grausmodels.com\/40\/a-40\/","og_site_name":"40 Graus Models","article_publisher":"https:\/\/www.facebook.com\/40grausmodels\/","article_modified_time":"2025-10-28T13:50:33+00:00","twitter_card":"summary_large_image","twitter_site":"@40grausmodels_","twitter_misc":{"Est. tempo de leitura":"4 minutos"},"schema":{"@context":"https:\/\/schema.org","@graph":[{"@type":"WebPage","@id":"http:\/\/www.40grausmodels.com\/40\/a-40\/","url":"http:\/\/www.40grausmodels.com\/40\/a-40\/","name":"A 40 - 40 Graus Models","isPartOf":{"@id":"http:\/\/www.40grausmodels.com\/40\/#website"},"datePublished":"2016-11-20T22:19:28+00:00","dateModified":"2025-10-28T13:50:33+00:00","breadcrumb":{"@id":"http:\/\/www.40grausmodels.com\/40\/a-40\/#breadcrumb"},"inLanguage":"pt-BR","potentialAction":[{"@type":"ReadAction","target":["http:\/\/www.40grausmodels.com\/40\/a-40\/"]}]},{"@type":"BreadcrumbList","@id":"http:\/\/www.40grausmodels.com\/40\/a-40\/#breadcrumb","itemListElement":[{"@type":"ListItem","position":1,"name":"In\u00edcio","item":"http:\/\/www.40grausmodels.com\/40\/"},{"@type":"ListItem","position":2,"name":"A 40"}]},{"@type":"WebSite","@id":"http:\/\/www.40grausmodels.com\/40\/#website","url":"http:\/\/www.40grausmodels.com\/40\/","name":"40 Graus Models","description":"Ag\u00eancia de modelos e atores","publisher":{"@id":"http:\/\/www.40grausmodels.com\/40\/#organization"},"potentialAction":[{"@type":"SearchAction","target":{"@type":"EntryPoint","urlTemplate":"http:\/\/www.40grausmodels.com\/40\/?s={search_term_string}"},"query-input":{"@type":"PropertyValueSpecification","valueRequired":true,"valueName":"search_term_string"}}],"inLanguage":"pt-BR"},{"@type":"Organization","@id":"http:\/\/www.40grausmodels.com\/40\/#organization","name":"40 Graus Models","url":"http:\/\/www.40grausmodels.com\/40\/","logo":{"@type":"ImageObject","inLanguage":"pt-BR","@id":"http:\/\/www.40grausmodels.com\/40\/#\/schema\/logo\/image\/","url":"http:\/\/www.40grausmodels.com\/40\/wp-content\/uploads\/2024\/03\/cropped-logo4.jpg","contentUrl":"http:\/\/www.40grausmodels.com\/40\/wp-content\/uploads\/2024\/03\/cropped-logo4.jpg","width":512,"height":512,"caption":"40 Graus Models"},"image":{"@id":"http:\/\/www.40grausmodels.com\/40\/#\/schema\/logo\/image\/"},"sameAs":["https:\/\/www.facebook.com\/40grausmodels\/","https:\/\/x.com\/40grausmodels_","https:\/\/www.instagram.com\/40grausmodels\/","https:\/\/www.youtube.com\/channel\/UClOXk3rcpMLHO6F7EuQD_gg"]}]}},"jetpack_sharing_enabled":true,"jetpack_shortlink":"https:\/\/wp.me\/P9DU1G-9hk","_links":{"self":[{"href":"http:\/\/www.40grausmodels.com\/40\/wp-json\/wp\/v2\/pages\/35670","targetHints":{"allow":["GET"]}}],"collection":[{"href":"http:\/\/www.40grausmodels.com\/40\/wp-json\/wp\/v2\/pages"}],"about":[{"href":"http:\/\/www.40grausmodels.com\/40\/wp-json\/wp\/v2\/types\/page"}],"author":[{"embeddable":true,"href":"http:\/\/www.40grausmodels.com\/40\/wp-json\/wp\/v2\/users\/1"}],"replies":[{"embeddable":true,"href":"http:\/\/www.40grausmodels.com\/40\/wp-json\/wp\/v2\/comments?post=35670"}],"version-history":[{"count":36,"href":"http:\/\/www.40grausmodels.com\/40\/wp-json\/wp\/v2\/pages\/35670\/revisions"}],"predecessor-version":[{"id":85140,"href":"http:\/\/www.40grausmodels.com\/40\/wp-json\/wp\/v2\/pages\/35670\/revisions\/85140"}],"wp:attachment":[{"href":"http:\/\/www.40grausmodels.com\/40\/wp-json\/wp\/v2\/media?parent=35670"}],"curies":[{"name":"wp","href":"https:\/\/api.w.org\/{rel}","templated":true}]}}